{"id":72,"date":"2019-01-11T06:23:12","date_gmt":"2019-01-11T06:23:12","guid":{"rendered":"http:\/\/localhost\/panel\/xpeedstudio\/wp\/automobil\/?page_id=72"},"modified":"2023-10-25T11:13:53","modified_gmt":"2023-10-25T11:13:53","slug":"contacto","status":"publish","type":"page","link":"https:\/\/talleresmaton.com\/en\/contacto\/","title":{"rendered":"Contact"},"content":{"rendered":"<div data-elementor-type=\"wp-post\" data-elementor-id=\"72\" class=\"elementor elementor-72\" data-elementor-post-type=\"page\">\n\t\t\t\t\t\t<section class=\"elementor-section elementor-top-section elementor-element elementor-element-eef04fb elementor-section-boxed elementor-section-height-default elementor-section-height-default\" data-id=\"eef04fb\" data-element_type=\"section\" data-settings=\"{&quot;background_background&quot;:&quot;classic&quot;}\">\n\t\t\t\t\t\t\t<div class=\"elementor-background-overlay\"><\/div>\n\t\t\t\t\t\t\t<div class=\"elementor-container elementor-column-gap-default\">\n\t\t\t\t\t<div class=\"elementor-column elementor-col-100 elementor-top-column elementor-element elementor-element-701f1e3\" data-id=\"701f1e3\" data-element_type=\"column\">\n\t\t\t<div class=\"elementor-widget-wrap elementor-element-populated\">\n\t\t\t\t\t\t<div class=\"elementor-element elementor-element-366b415 elementor-widget elementor-widget-heading\" data-id=\"366b415\" data-element_type=\"widget\" data-widget_type=\"heading.default\">\n\t\t\t\t<div class=\"elementor-widget-container\">\n\t\t\t<h1 class=\"elementor-heading-title elementor-size-default\">Contact<\/h1>\t\t<\/div>\n\t\t\t\t<\/div>\n\t\t\t\t<div class=\"elementor-element elementor-element-a02fffc elementor-widget elementor-widget-text-editor\" data-id=\"a02fffc\" data-element_type=\"widget\" data-widget_type=\"text-editor.default\">\n\t\t\t\t<div class=\"elementor-widget-container\">\n\t\t\t\t\t\t\t<p>Contacta con nosotros para obtener mas informaci\u00f3n o hacer una reserva.<\/p>\t\t\t\t\t\t<\/div>\n\t\t\t\t<\/div>\n\t\t\t\t<div class=\"elementor-element elementor-element-49fa33b elementor-widget elementor-widget-breadcrumbs\" data-id=\"49fa33b\" data-element_type=\"widget\" data-widget_type=\"breadcrumbs.default\">\n\t\t\t\t<div class=\"elementor-widget-container\">\n\t\t\t<p id=\"breadcrumbs\"><span><span><a href=\"https:\/\/talleresmaton.com\/en\/\">Inicio<\/a><\/span><\/span><\/p>\t\t<\/div>\n\t\t\t\t<\/div>\n\t\t\t\t\t<\/div>\n\t\t<\/div>\n\t\t\t\t\t<\/div>\n\t\t<\/section>\n\t\t\t\t<section class=\"elementor-section elementor-top-section elementor-element elementor-element-640ae6a elementor-section-boxed elementor-section-height-default elementor-section-height-default\" data-id=\"640ae6a\" data-element_type=\"section\">\n\t\t\t\t\t\t<div class=\"elementor-container elementor-column-gap-no\">\n\t\t\t\t\t<div class=\"elementor-column elementor-col-50 elementor-top-column elementor-element elementor-element-6b97078\" data-id=\"6b97078\" data-element_type=\"column\">\n\t\t\t<div class=\"elementor-widget-wrap elementor-element-populated\">\n\t\t\t\t\t\t<div class=\"elementor-element elementor-element-567154d elementor-widget elementor-widget-google_maps\" data-id=\"567154d\" data-element_type=\"widget\" data-widget_type=\"google_maps.default\">\n\t\t\t\t<div class=\"elementor-widget-container\">\n\t\t\t\t\t<div class=\"elementor-custom-embed\">\n\t\t\t<iframe loading=\"lazy\"\n\t\t\t\t\tsrc=\"https:\/\/maps.google.com\/maps?q=Talleres%20Mat%C3%B3n&#038;t=m&#038;z=12&#038;output=embed&#038;iwloc=near\"\n\t\t\t\t\ttitle=\"Talleres Mat\u00f3n\"\n\t\t\t\t\taria-label=\"Talleres Mat\u00f3n\"\n\t\t\t><\/iframe>\n\t\t<\/div>\n\t\t\t\t<\/div>\n\t\t\t\t<\/div>\n\t\t\t\t\t<\/div>\n\t\t<\/div>\n\t\t\t\t<div class=\"elementor-column elementor-col-50 elementor-top-column elementor-element elementor-element-5be7eb2\" data-id=\"5be7eb2\" data-element_type=\"column\" data-settings=\"{&quot;background_background&quot;:&quot;classic&quot;}\">\n\t\t\t<div class=\"elementor-widget-wrap elementor-element-populated\">\n\t\t\t\t\t\t<div class=\"elementor-element elementor-element-252281a elementor-widget elementor-widget-heading\" data-id=\"252281a\" data-element_type=\"widget\" data-widget_type=\"heading.default\">\n\t\t\t\t<div class=\"elementor-widget-container\">\n\t\t\t<h2 class=\"elementor-heading-title elementor-size-default\">Detalles de contacto<\/h2>\t\t<\/div>\n\t\t\t\t<\/div>\n\t\t\t\t<div class=\"elementor-element elementor-element-4f9f0b5 elementor-widget elementor-widget-text-editor\" data-id=\"4f9f0b5\" data-element_type=\"widget\" data-widget_type=\"text-editor.default\">\n\t\t\t\t<div class=\"elementor-widget-container\">\n\t\t\t\t\t\t\t<div class=\"contact-info-item\"><h3 class=\"column-title no-border text-white\">Localizaci\u00f3n<\/h3><p>Cam. Tiro de Bola 2, 50529 Fuendejal\u00f3n Zaragoza<\/p><\/div><div class=\"contact-info-item\"><h3 class=\"column-title no-border text-white\">Ll\u00e1manos<\/h3><p><span style=\"color: #ffffff;\"><a style=\"color: #ffffff;\" href=\"tel:976862063\">+34 976 86 20 63<\/a><\/span><\/p><\/div><div class=\"contact-info-item\"><h3 class=\"column-title no-border text-white\">Correo electr\u00f3nico<\/h3><p><span style=\"color: #ffffff;\"><a style=\"color: #ffffff;\" href=\"mailto:info@talleresmaton.com\">info@talleresmaton.com<\/a><\/span><\/p><\/div>\t\t\t\t\t\t<\/div>\n\t\t\t\t<\/div>\n\t\t\t\t\t<\/div>\n\t\t<\/div>\n\t\t\t\t\t<\/div>\n\t\t<\/section>\n\t\t\t\t<section class=\"elementor-section elementor-top-section elementor-element elementor-element-10bcbb9 elementor-section-boxed elementor-section-height-default elementor-section-height-default\" data-id=\"10bcbb9\" data-element_type=\"section\">\n\t\t\t\t\t\t<div class=\"elementor-container elementor-column-gap-default\">\n\t\t\t\t\t<div class=\"elementor-column elementor-col-50 elementor-top-column elementor-element elementor-element-1c9211f\" data-id=\"1c9211f\" data-element_type=\"column\">\n\t\t\t<div class=\"elementor-widget-wrap elementor-element-populated\">\n\t\t\t\t\t\t<div class=\"elementor-element elementor-element-6f304a2 elementor-widget elementor-widget-autrics-title\" data-id=\"6f304a2\" data-element_type=\"widget\" data-widget_type=\"autrics-title.default\">\n\t\t\t\t<div class=\"elementor-widget-container\">\n\t\t\t              <div class=\"title-section-area\">\n\t           <h2 class=\"section-title\">\n                  <span>Rellena el <\/span> formulario\t\t\t   <\/h2>\n      <\/div><!-- Section title -->\t\t\n       \n      \n    \t\t<\/div>\n\t\t\t\t<\/div>\n\t\t\t\t<div class=\"elementor-element elementor-element-d104ff7 elementor-widget elementor-widget-elementskit-contact-form7\" data-id=\"d104ff7\" data-element_type=\"widget\" data-widget_type=\"elementskit-contact-form7.default\">\n\t\t\t\t<div class=\"elementor-widget-container\">\n\t\t\t<div class=\"ekit-wid-con\" ><div class=\"ekit-form\">\n<div class=\"wpcf7 no-js\" id=\"wpcf7-f2336-o1\" lang=\"es-ES\" dir=\"ltr\">\n<div class=\"screen-reader-response\"><p role=\"status\" aria-live=\"polite\" aria-atomic=\"true\"><\/p> <ul><\/ul><\/div>\n<form action=\"\/en\/wp-json\/wp\/v2\/pages\/72#wpcf7-f2336-o1\" method=\"post\" class=\"wpcf7-form init\" aria-label=\"Formulario de contacto\" novalidate=\"novalidate\" data-status=\"init\" data-trp-original-action=\"\/en\/wp-json\/wp\/v2\/pages\/72#wpcf7-f2336-o1\">\n<div style=\"display: none;\">\n<input type=\"hidden\" name=\"_wpcf7\" value=\"2336\" \/>\n<input type=\"hidden\" name=\"_wpcf7_version\" value=\"5.9.8\" \/>\n<input type=\"hidden\" name=\"_wpcf7_locale\" value=\"es_ES\" \/>\n<input type=\"hidden\" name=\"_wpcf7_unit_tag\" value=\"wpcf7-f2336-o1\" \/>\n<input type=\"hidden\" name=\"_wpcf7_container_post\" value=\"0\" \/>\n<input type=\"hidden\" name=\"_wpcf7_posted_data_hash\" value=\"\" \/>\n<\/div>\n                <style>\n                    .uacf7-uacf7style-2336 label {\n                        font-style: normal;font-weight: normal;                    }\n\n                    .uacf7-uacf7style-2336 input[type=\"email\"],\n                    .uacf7-uacf7style-2336 input[type=\"number\"],\n                    .uacf7-uacf7style-2336 input[type=\"password\"],\n                    .uacf7-uacf7style-2336 input[type=\"search\"],\n                    .uacf7-uacf7style-2336 input[type=\"tel\"],\n                    .uacf7-uacf7style-2336 input[type=\"text\"],\n                    .uacf7-uacf7style-2336 input[type=\"url\"],\n                    .uacf7-uacf7style-2336 input[type=\"date\"],\n                    .uacf7-uacf7style-2336 select,\n                    .uacf7-uacf7style-2336 textarea {\n                        font-style: normal;font-weight: normal;border-style: solid;                    }\n\n                    .uacf7-uacf7style-2336 .wpcf7-radio span,\n                    .uacf7-uacf7style-2336 .wpcf7-checkbox span {\n                        font-style: normal;font-weight: normal;                    }\n\n                    .uacf7-uacf7style-2336 textarea {\n                                            }\n\n                    .wpcf7-form-control-wrap select {\n                        width: 100%;\n                    }\n\n                    .uacf7-uacf7style-2336 input[type=\"submit\"] {\n                        color: #ffffff;background-color: #cc2020;font-style: normal;font-weight: normal;border-style: none;                    }\n\n                    .uacf7-uacf7style-2336 input[type=\"submit\"]:hover {\n                        color: #ffffff;                    }\n\n                                    <\/style>\n\n\t\t\t\t<div class=\"uacf7-uacf7style uacf7-uacf7style-2336\"><div class=\"uacf7-form-2336\"><span class=\"wpcf7-form-control-wrap\" data-name=\"your-name\"><input size=\"40\" maxlength=\"400\" class=\"wpcf7-form-control wpcf7-text wpcf7-validates-as-required\" autocomplete=\"name\" aria-required=\"true\" aria-invalid=\"false\" placeholder=\"Nombre y Apellidos\" value=\"\" type=\"text\" name=\"your-name\" \/><\/span>\n<br><br>\n\n\n<span class=\"wpcf7-form-control-wrap\" data-name=\"your-email\"><input size=\"40\" maxlength=\"400\" class=\"wpcf7-form-control wpcf7-email wpcf7-validates-as-required wpcf7-text wpcf7-validates-as-email\" autocomplete=\"email\" aria-required=\"true\" aria-invalid=\"false\" placeholder=\"Correo electr\u00f3nico\" value=\"\" type=\"email\" name=\"your-email\" \/><\/span>\n<br><br>\n\n<span class=\"wpcf7-form-control-wrap\" data-name=\"tel-924\"><input size=\"40\" maxlength=\"400\" class=\"wpcf7-form-control wpcf7-tel wpcf7-text wpcf7-validates-as-tel\" aria-invalid=\"false\" placeholder=\"Tel\u00e9fono\" value=\"\" type=\"tel\" name=\"tel-924\" \/><\/span>\n<br><br>\n\n<span class=\"wpcf7-form-control-wrap\" data-name=\"textarea-743\"><textarea cols=\"40\" rows=\"10\" maxlength=\"2000\" class=\"wpcf7-form-control wpcf7-textarea wpcf7-validates-as-required\" aria-required=\"true\" aria-invalid=\"false\" placeholder=\"D\u00e9janos tu mensaje\" name=\"textarea-743\"><\/textarea><\/span>\n<br>\n\n<span class=\"wpcf7-form-control-wrap\" data-name=\"acceptance-391\"><span class=\"wpcf7-form-control wpcf7-acceptance optional\"><span class=\"wpcf7-list-item\"><label><input type=\"checkbox\" name=\"acceptance-391\" value=\"1\" aria-invalid=\"false\" \/><span class=\"wpcf7-list-item-label\">Acepto la <a href=\"https:\/\/talleresmaton.com\/en\/politica-privacidad\/\" target=\"_blank\">pol\u00edtica de privacidad<\/a> de Talleres Mat\u00f3n.<\/span><\/label><\/span><\/span><\/span>\n<br>\n\n<input class=\"wpcf7-form-control wpcf7-submit has-spinner\" type=\"submit\" value=\"ENV\u00cdA TU CONSULTA\" \/><\/div><\/div><div class=\"wpcf7-response-output\" aria-hidden=\"true\"><\/div>\n<input type=\"hidden\" name=\"trp-form-language\" value=\"en\"\/><\/form>\n<\/div>\n<\/div><\/div>\t\t<\/div>\n\t\t\t\t<\/div>\n\t\t\t\t\t<\/div>\n\t\t<\/div>\n\t\t\t\t<div class=\"elementor-column elementor-col-50 elementor-top-column elementor-element elementor-element-c172b3e\" data-id=\"c172b3e\" data-element_type=\"column\">\n\t\t\t<div class=\"elementor-widget-wrap elementor-element-populated\">\n\t\t\t\t\t\t<section class=\"elementor-section elementor-inner-section elementor-element elementor-element-1e63f36 elementor-section-boxed elementor-section-height-default elementor-section-height-default\" data-id=\"1e63f36\" data-element_type=\"section\">\n\t\t\t\t\t\t<div class=\"elementor-container elementor-column-gap-default\">\n\t\t\t\t\t<div class=\"elementor-column elementor-col-100 elementor-inner-column elementor-element elementor-element-c23a20c\" data-id=\"c23a20c\" data-element_type=\"column\">\n\t\t\t<div class=\"elementor-widget-wrap elementor-element-populated\">\n\t\t\t\t\t\t<div class=\"elementor-element elementor-element-408d853 elementor-widget elementor-widget-autrics-title\" data-id=\"408d853\" data-element_type=\"widget\" data-widget_type=\"autrics-title.default\">\n\t\t\t\t<div class=\"elementor-widget-container\">\n\t\t\t               <div class=\"title-section-area title-border-none\">\n            <h3 class=\"section-title\"> \n               <span>Horario de<\/span>  servicio            <\/h3>\n         <\/div><!-- Section title -->\t\t\n     \n      \n    \t\t<\/div>\n\t\t\t\t<\/div>\n\t\t\t\t<div class=\"elementor-element elementor-element-2250bef elementor-widget elementor-widget-text-editor\" data-id=\"2250bef\" data-element_type=\"widget\" data-widget_type=\"text-editor.default\">\n\t\t\t\t<div class=\"elementor-widget-container\">\n\t\t\t\t\t\t\t<p><strong>Lunes a viernes<\/strong><\/p><p>9:00 &#8211; 13:00 | 15:00 &#8211; 19:00<\/p>\t\t\t\t\t\t<\/div>\n\t\t\t\t<\/div>\n\t\t\t\t\t<\/div>\n\t\t<\/div>\n\t\t\t\t\t<\/div>\n\t\t<\/section>\n\t\t\t\t<section class=\"elementor-section elementor-inner-section elementor-element elementor-element-7359ec9 elementor-section-boxed elementor-section-height-default elementor-section-height-default\" data-id=\"7359ec9\" data-element_type=\"section\">\n\t\t\t\t\t\t<div class=\"elementor-container elementor-column-gap-default\">\n\t\t\t\t\t<div class=\"elementor-column elementor-col-100 elementor-inner-column elementor-element elementor-element-1376f54\" data-id=\"1376f54\" data-element_type=\"column\" data-settings=\"{&quot;background_background&quot;:&quot;classic&quot;}\">\n\t\t\t<div class=\"elementor-widget-wrap elementor-element-populated\">\n\t\t\t\t\t\t<div class=\"elementor-element elementor-element-d6b2661 elementor-widget elementor-widget-autrics-title\" data-id=\"d6b2661\" data-element_type=\"widget\" data-widget_type=\"autrics-title.default\">\n\t\t\t\t<div class=\"elementor-widget-container\">\n\t\t\t               <div class=\"title-section-area title-border-none\">\n            <h3 class=\"section-title\"> \n               <span>S\u00edguenos en <\/span> redes sociales            <\/h3>\n         <\/div><!-- Section title -->\t\t\n     \n      \n    \t\t<\/div>\n\t\t\t\t<\/div>\n\t\t\t\t<div class=\"elementor-element elementor-element-13a0826 elementor-shape-circle e-grid-align-left elementor-grid-0 elementor-widget elementor-widget-social-icons\" data-id=\"13a0826\" data-element_type=\"widget\" data-widget_type=\"social-icons.default\">\n\t\t\t\t<div class=\"elementor-widget-container\">\n\t\t\t\t\t<div class=\"elementor-social-icons-wrapper elementor-grid\">\n\t\t\t\t\t\t\t<span class=\"elementor-grid-item\">\n\t\t\t\t\t<a class=\"elementor-icon elementor-social-icon elementor-social-icon-facebook-f elementor-repeater-item-32ff121\" href=\"https:\/\/www.facebook.com\/TalleresMATON\" target=\"_blank\">\n\t\t\t\t\t\t<span class=\"elementor-screen-only\">Facebook-f<\/span>\n\t\t\t\t\t\t<i class=\"fab fa-facebook-f\"><\/i>\t\t\t\t\t<\/a>\n\t\t\t\t<\/span>\n\t\t\t\t\t<\/div>\n\t\t\t\t<\/div>\n\t\t\t\t<\/div>\n\t\t\t\t\t<\/div>\n\t\t<\/div>\n\t\t\t\t\t<\/div>\n\t\t<\/section>\n\t\t\t\t\t<\/div>\n\t\t<\/div>\n\t\t\t\t\t<\/div>\n\t\t<\/section>\n\t\t\t\t<\/div>","protected":false},"excerpt":{"rendered":"<p>Contacto Contacta con nosotros para obtener mas informaci\u00f3n o hacer una reserva. Detalles de contacto Localizaci\u00f3n Cam. Tiro de Bola 2, 50529 Fuendejal\u00f3n Zaragoza Ll\u00e1manos +34 976 86 20 63 Correo electr\u00f3nico info@talleresmaton.com Rellena el formulario Acepto la pol\u00edtica de privacidad de Talleres Mat\u00f3n. Horario de servicio Lunes a viernes 9:00 &#8211; 13:00 | 15:00 [&hellip;]<\/p>","protected":false},"author":1,"featured_media":0,"parent":0,"menu_order":0,"comment_status":"closed","ping_status":"closed","template":"template\/full-width-template.php","meta":{"inline_featured_image":false,"footnotes":""},"class_list":["post-72","page","type-page","status-publish","hentry"],"yoast_head":"<!-- This site is optimized with the Yoast SEO plugin v23.4 - https:\/\/yoast.com\/wordpress\/plugins\/seo\/ -->\n<title>Contacto - Talleres Mat\u00f3n<\/title>\n<meta name=\"robots\" content=\"index, follow, max-snippet:-1, max-image-preview:large, max-video-preview:-1\" \/>\n<link rel=\"canonical\" href=\"https:\/\/talleresmaton.com\/en\/contacto\/\" \/>\n<meta property=\"og:locale\" content=\"en_US\" \/>\n<meta property=\"og:type\" content=\"article\" \/>\n<meta property=\"og:title\" content=\"Contacto - Talleres Mat\u00f3n\" \/>\n<meta property=\"og:description\" content=\"Contacto Contacta con nosotros para obtener mas informaci\u00f3n o hacer una reserva. Detalles de contacto Localizaci\u00f3n Cam. Tiro de Bola 2, 50529 Fuendejal\u00f3n Zaragoza Ll\u00e1manos +34 976 86 20 63 Correo electr\u00f3nico info@talleresmaton.com Rellena el formulario Acepto la pol\u00edtica de privacidad de Talleres Mat\u00f3n. Horario de servicio Lunes a viernes 9:00 &#8211; 13:00 | 15:00 [&hellip;]\" \/>\n<meta property=\"og:url\" content=\"https:\/\/talleresmaton.com\/en\/contacto\/\" \/>\n<meta property=\"og:site_name\" content=\"Talleres Mat\u00f3n\" \/>\n<meta property=\"article:modified_time\" content=\"2023-10-25T11:13:53+00:00\" \/>\n<meta name=\"twitter:card\" content=\"summary_large_image\" \/>\n<meta name=\"twitter:label1\" content=\"Est. reading time\" \/>\n\t<meta name=\"twitter:data1\" content=\"1 minute\" \/>\n<script type=\"application\/ld+json\" class=\"yoast-schema-graph\">{\"@context\":\"https:\/\/schema.org\",\"@graph\":[{\"@type\":\"WebPage\",\"@id\":\"https:\/\/talleresmaton.com\/contacto\/\",\"url\":\"https:\/\/talleresmaton.com\/contacto\/\",\"name\":\"Contacto - Talleres Mat\u00f3n\",\"isPartOf\":{\"@id\":\"https:\/\/talleresmaton.com\/#website\"},\"datePublished\":\"2019-01-11T06:23:12+00:00\",\"dateModified\":\"2023-10-25T11:13:53+00:00\",\"breadcrumb\":{\"@id\":\"https:\/\/talleresmaton.com\/contacto\/#breadcrumb\"},\"inLanguage\":\"en-US\",\"potentialAction\":[{\"@type\":\"ReadAction\",\"target\":[\"https:\/\/talleresmaton.com\/contacto\/\"]}]},{\"@type\":\"BreadcrumbList\",\"@id\":\"https:\/\/talleresmaton.com\/contacto\/#breadcrumb\",\"itemListElement\":[{\"@type\":\"ListItem\",\"position\":1,\"name\":\"Inicio\",\"item\":\"https:\/\/talleresmaton.com\/\"},{\"@type\":\"ListItem\",\"position\":2,\"name\":\"Contacto\"}]},{\"@type\":\"WebSite\",\"@id\":\"https:\/\/talleresmaton.com\/#website\",\"url\":\"https:\/\/talleresmaton.com\/\",\"name\":\"Talleres Mat\u00f3n\",\"description\":\"\",\"publisher\":{\"@id\":\"https:\/\/talleresmaton.com\/#organization\"},\"potentialAction\":[{\"@type\":\"SearchAction\",\"target\":{\"@type\":\"EntryPoint\",\"urlTemplate\":\"https:\/\/talleresmaton.com\/?s={search_term_string}\"},\"query-input\":{\"@type\":\"PropertyValueSpecification\",\"valueRequired\":true,\"valueName\":\"search_term_string\"}}],\"inLanguage\":\"en-US\"},{\"@type\":\"Organization\",\"@id\":\"https:\/\/talleresmaton.com\/#organization\",\"name\":\"Talleres Mat\u00f3n\",\"url\":\"https:\/\/talleresmaton.com\/\",\"logo\":{\"@type\":\"ImageObject\",\"inLanguage\":\"en-US\",\"@id\":\"https:\/\/talleresmaton.com\/#\/schema\/logo\/image\/\",\"url\":\"https:\/\/talleresmaton.com\/wp-content\/uploads\/2023\/07\/talleres-maton-logo-2.svg\",\"contentUrl\":\"https:\/\/talleresmaton.com\/wp-content\/uploads\/2023\/07\/talleres-maton-logo-2.svg\",\"width\":393,\"height\":264,\"caption\":\"Talleres Mat\u00f3n\"},\"image\":{\"@id\":\"https:\/\/talleresmaton.com\/#\/schema\/logo\/image\/\"}}]}<\/script>\n<!-- \/ Yoast SEO plugin. -->","yoast_head_json":{"title":"Contacto - Talleres Mat\u00f3n","robots":{"index":"index","follow":"follow","max-snippet":"max-snippet:-1","max-image-preview":"max-image-preview:large","max-video-preview":"max-video-preview:-1"},"canonical":"https:\/\/talleresmaton.com\/en\/contacto\/","og_locale":"en_US","og_type":"article","og_title":"Contacto - Talleres Mat\u00f3n","og_description":"Contacto Contacta con nosotros para obtener mas informaci\u00f3n o hacer una reserva. Detalles de contacto Localizaci\u00f3n Cam. Tiro de Bola 2, 50529 Fuendejal\u00f3n Zaragoza Ll\u00e1manos +34 976 86 20 63 Correo electr\u00f3nico info@talleresmaton.com Rellena el formulario Acepto la pol\u00edtica de privacidad de Talleres Mat\u00f3n. Horario de servicio Lunes a viernes 9:00 &#8211; 13:00 | 15:00 [&hellip;]","og_url":"https:\/\/talleresmaton.com\/en\/contacto\/","og_site_name":"Talleres Mat\u00f3n","article_modified_time":"2023-10-25T11:13:53+00:00","twitter_card":"summary_large_image","twitter_misc":{"Est. reading time":"1 minute"},"schema":{"@context":"https:\/\/schema.org","@graph":[{"@type":"WebPage","@id":"https:\/\/talleresmaton.com\/contacto\/","url":"https:\/\/talleresmaton.com\/contacto\/","name":"Contacto - Talleres Mat\u00f3n","isPartOf":{"@id":"https:\/\/talleresmaton.com\/#website"},"datePublished":"2019-01-11T06:23:12+00:00","dateModified":"2023-10-25T11:13:53+00:00","breadcrumb":{"@id":"https:\/\/talleresmaton.com\/contacto\/#breadcrumb"},"inLanguage":"en-US","potentialAction":[{"@type":"ReadAction","target":["https:\/\/talleresmaton.com\/contacto\/"]}]},{"@type":"BreadcrumbList","@id":"https:\/\/talleresmaton.com\/contacto\/#breadcrumb","itemListElement":[{"@type":"ListItem","position":1,"name":"Inicio","item":"https:\/\/talleresmaton.com\/"},{"@type":"ListItem","position":2,"name":"Contacto"}]},{"@type":"WebSite","@id":"https:\/\/talleresmaton.com\/#website","url":"https:\/\/talleresmaton.com\/","name":"Talleres Mat\u00f3n","description":"","publisher":{"@id":"https:\/\/talleresmaton.com\/#organization"},"potentialAction":[{"@type":"SearchAction","target":{"@type":"EntryPoint","urlTemplate":"https:\/\/talleresmaton.com\/?s={search_term_string}"},"query-input":{"@type":"PropertyValueSpecification","valueRequired":true,"valueName":"search_term_string"}}],"inLanguage":"en-US"},{"@type":"Organization","@id":"https:\/\/talleresmaton.com\/#organization","name":"Talleres Mat\u00f3n","url":"https:\/\/talleresmaton.com\/","logo":{"@type":"ImageObject","inLanguage":"en-US","@id":"https:\/\/talleresmaton.com\/#\/schema\/logo\/image\/","url":"https:\/\/talleresmaton.com\/wp-content\/uploads\/2023\/07\/talleres-maton-logo-2.svg","contentUrl":"https:\/\/talleresmaton.com\/wp-content\/uploads\/2023\/07\/talleres-maton-logo-2.svg","width":393,"height":264,"caption":"Talleres Mat\u00f3n"},"image":{"@id":"https:\/\/talleresmaton.com\/#\/schema\/logo\/image\/"}}]}},"_links":{"self":[{"href":"https:\/\/talleresmaton.com\/en\/wp-json\/wp\/v2\/pages\/72"}],"collection":[{"href":"https:\/\/talleresmaton.com\/en\/wp-json\/wp\/v2\/pages"}],"about":[{"href":"https:\/\/talleresmaton.com\/en\/wp-json\/wp\/v2\/types\/page"}],"author":[{"embeddable":true,"href":"https:\/\/talleresmaton.com\/en\/wp-json\/wp\/v2\/users\/1"}],"replies":[{"embeddable":true,"href":"https:\/\/talleresmaton.com\/en\/wp-json\/wp\/v2\/comments?post=72"}],"version-history":[{"count":62,"href":"https:\/\/talleresmaton.com\/en\/wp-json\/wp\/v2\/pages\/72\/revisions"}],"predecessor-version":[{"id":2700,"href":"https:\/\/talleresmaton.com\/en\/wp-json\/wp\/v2\/pages\/72\/revisions\/2700"}],"wp:attachment":[{"href":"https:\/\/talleresmaton.com\/en\/wp-json\/wp\/v2\/media?parent=72"}],"curies":[{"name":"wp","href":"https:\/\/api.w.org\/{rel}","templated":true}]}}