{"id":2578,"date":"2023-09-18T09:30:07","date_gmt":"2023-09-18T09:30:07","guid":{"rendered":"https:\/\/talleresmaton.com\/?page_id=2578"},"modified":"2023-10-17T08:07:16","modified_gmt":"2023-10-17T08:07:16","slug":"blog","status":"publish","type":"page","link":"https:\/\/talleresmaton.com\/en\/blog\/","title":{"rendered":"Blog"},"content":{"rendered":"<div data-elementor-type=\"wp-page\" data-elementor-id=\"2578\" class=\"elementor elementor-2578\" data-elementor-post-type=\"page\">\n\t\t\t\t\t\t<section class=\"elementor-section elementor-top-section elementor-element elementor-element-5eae8a6 elementor-section-boxed elementor-section-height-default elementor-section-height-default\" data-id=\"5eae8a6\" data-element_type=\"section\" data-settings=\"{&quot;background_background&quot;:&quot;classic&quot;}\">\n\t\t\t\t\t\t\t<div class=\"elementor-background-overlay\"><\/div>\n\t\t\t\t\t\t\t<div class=\"elementor-container elementor-column-gap-default\">\n\t\t\t\t\t<div class=\"elementor-column elementor-col-100 elementor-top-column elementor-element elementor-element-04c31a3\" data-id=\"04c31a3\" data-element_type=\"column\">\n\t\t\t<div class=\"elementor-widget-wrap elementor-element-populated\">\n\t\t\t\t\t\t<div class=\"elementor-element elementor-element-1841fe8 elementor-widget elementor-widget-heading\" data-id=\"1841fe8\" data-element_type=\"widget\" data-widget_type=\"heading.default\">\n\t\t\t\t<div class=\"elementor-widget-container\">\n\t\t\t<h1 class=\"elementor-heading-title elementor-size-default\">Blog<\/h1>\t\t<\/div>\n\t\t\t\t<\/div>\n\t\t\t\t<div class=\"elementor-element elementor-element-a1dce57 elementor-widget elementor-widget-text-editor\" data-id=\"a1dce57\" data-element_type=\"widget\" data-widget_type=\"text-editor.default\">\n\t\t\t\t<div class=\"elementor-widget-container\">\n\t\t\t\t\t\t\t<p>Bienvenidos al blog oficial de <strong>Talleres Mat\u00f3n<\/strong>, el punto de encuentro donde la pasi\u00f3n por los veh\u00edculos y el conocimiento mec\u00e1nico toman el protagonismo.<\/p>\t\t\t\t\t\t<\/div>\n\t\t\t\t<\/div>\n\t\t\t\t<div class=\"elementor-element elementor-element-5688c50 elementor-widget elementor-widget-breadcrumbs\" data-id=\"5688c50\" data-element_type=\"widget\" data-widget_type=\"breadcrumbs.default\">\n\t\t\t\t<div class=\"elementor-widget-container\">\n\t\t\t<p id=\"breadcrumbs\"><span><span><a href=\"https:\/\/talleresmaton.com\/en\/\">Inicio<\/a><\/span><\/span><\/p>\t\t<\/div>\n\t\t\t\t<\/div>\n\t\t\t\t\t<\/div>\n\t\t<\/div>\n\t\t\t\t\t<\/div>\n\t\t<\/section>\n\t\t\t\t<section class=\"elementor-section elementor-top-section elementor-element elementor-element-5496d1d elementor-section-boxed elementor-section-height-default elementor-section-height-default\" data-id=\"5496d1d\" data-element_type=\"section\">\n\t\t\t\t\t\t<div class=\"elementor-container elementor-column-gap-default\">\n\t\t\t\t\t<div class=\"elementor-column elementor-col-50 elementor-top-column elementor-element elementor-element-56dd094\" data-id=\"56dd094\" data-element_type=\"column\">\n\t\t\t<div class=\"elementor-widget-wrap elementor-element-populated\">\n\t\t\t\t\t\t<div class=\"elementor-element elementor-element-5470f5e elementor-grid-1 elementor-grid-tablet-2 elementor-grid-mobile-1 elementor-posts--thumbnail-top elementor-widget elementor-widget-posts\" data-id=\"5470f5e\" data-element_type=\"widget\" data-settings=\"{&quot;classic_columns&quot;:&quot;1&quot;,&quot;classic_columns_tablet&quot;:&quot;2&quot;,&quot;classic_columns_mobile&quot;:&quot;1&quot;,&quot;classic_row_gap&quot;:{&quot;unit&quot;:&quot;px&quot;,&quot;size&quot;:35,&quot;sizes&quot;:[]},&quot;classic_row_gap_tablet&quot;:{&quot;unit&quot;:&quot;px&quot;,&quot;size&quot;:&quot;&quot;,&quot;sizes&quot;:[]},&quot;classic_row_gap_mobile&quot;:{&quot;unit&quot;:&quot;px&quot;,&quot;size&quot;:&quot;&quot;,&quot;sizes&quot;:[]}}\" data-widget_type=\"posts.classic\">\n\t\t\t\t<div class=\"elementor-widget-container\">\n\t\t\t\t\t<div class=\"elementor-posts-container elementor-posts elementor-posts--skin-classic elementor-grid\">\n\t\t\t\t<article class=\"elementor-post elementor-grid-item post-2532 post type-post status-publish format-standard has-post-thumbnail hentry category-motor\">\n\t\t\t\t<a class=\"elementor-post__thumbnail__link\" href=\"https:\/\/talleresmaton.com\/en\/que-es-la-correa-de-distribucion\/\" tabindex=\"-1\" >\n\t\t\t<div class=\"elementor-post__thumbnail\"><img fetchpriority=\"high\" decoding=\"async\" width=\"300\" height=\"202\" src=\"https:\/\/talleresmaton.com\/wp-content\/uploads\/2023\/09\/Correa-de-distribucion-300x202.jpg\" class=\"attachment-medium size-medium wp-image-2533\" alt=\"\" srcset=\"https:\/\/talleresmaton.com\/wp-content\/uploads\/2023\/09\/Correa-de-distribucion-300x202.jpg 300w, https:\/\/talleresmaton.com\/wp-content\/uploads\/2023\/09\/Correa-de-distribucion-768x517.jpg 768w, https:\/\/talleresmaton.com\/wp-content\/uploads\/2023\/09\/Correa-de-distribucion.jpg 926w\" sizes=\"(max-width: 300px) 100vw, 300px\" \/><\/div>\n\t\t<\/a>\n\t\t\t\t<div class=\"elementor-post__text\">\n\t\t\t\t<h3 class=\"elementor-post__title\">\n\t\t\t<a href=\"https:\/\/talleresmaton.com\/en\/que-es-la-correa-de-distribucion\/\" >\n\t\t\t\t\u00bfQu\u00e9 es la correa de distribuci\u00f3n?\t\t\t<\/a>\n\t\t<\/h3>\n\t\t\t\t<div class=\"elementor-post__meta-data\">\n\t\t\t\t\t<span class=\"elementor-post-date\">\n\t\t\t6 de September de 2023\t\t<\/span>\n\t\t\t\t<\/div>\n\t\t\t\t<div class=\"elementor-post__excerpt\">\n\t\t\t<p>La correa de distribuci\u00f3n es uno de los elementos clave para que el veh\u00edculo funcione.<\/p>\n\t\t<\/div>\n\t\t\n\t\t<a class=\"elementor-post__read-more\" href=\"https:\/\/talleresmaton.com\/en\/que-es-la-correa-de-distribucion\/\" aria-label=\"Read more about \u00bfQu\u00e9 es la correa de distribuci\u00f3n?\" tabindex=\"-1\" >\n\t\t\tLeer m\u00e1s \u00bb\t\t<\/a>\n\n\t\t\t\t<\/div>\n\t\t\t\t<\/article>\n\t\t\t\t<article class=\"elementor-post elementor-grid-item post-2530 post type-post status-publish format-standard has-post-thumbnail hentry category-motor\">\n\t\t\t\t<a class=\"elementor-post__thumbnail__link\" href=\"https:\/\/talleresmaton.com\/en\/aceite-de-motor-por-que-es-importante\/\" tabindex=\"-1\" >\n\t\t\t<div class=\"elementor-post__thumbnail\"><img decoding=\"async\" width=\"300\" height=\"202\" src=\"https:\/\/talleresmaton.com\/wp-content\/uploads\/2023\/09\/aceite-de-motor-300x202.jpg\" class=\"attachment-medium size-medium wp-image-2565\" alt=\"\" srcset=\"https:\/\/talleresmaton.com\/wp-content\/uploads\/2023\/09\/aceite-de-motor-300x202.jpg 300w, https:\/\/talleresmaton.com\/wp-content\/uploads\/2023\/09\/aceite-de-motor-768x517.jpg 768w, https:\/\/talleresmaton.com\/wp-content\/uploads\/2023\/09\/aceite-de-motor.jpg 926w\" sizes=\"(max-width: 300px) 100vw, 300px\" \/><\/div>\n\t\t<\/a>\n\t\t\t\t<div class=\"elementor-post__text\">\n\t\t\t\t<h3 class=\"elementor-post__title\">\n\t\t\t<a href=\"https:\/\/talleresmaton.com\/en\/aceite-de-motor-por-que-es-importante\/\" >\n\t\t\t\tAceite de motor: \u00bfPor qu\u00e9 es importante?\t\t\t<\/a>\n\t\t<\/h3>\n\t\t\t\t<div class=\"elementor-post__meta-data\">\n\t\t\t\t\t<span class=\"elementor-post-date\">\n\t\t\t6 de September de 2023\t\t<\/span>\n\t\t\t\t<\/div>\n\t\t\t\t<div class=\"elementor-post__excerpt\">\n\t\t\t<p>El aceite del motor juega un papel fundamental en la lubricaci\u00f3n y protecci\u00f3n de las partes internas del motor.<\/p>\n\t\t<\/div>\n\t\t\n\t\t<a class=\"elementor-post__read-more\" href=\"https:\/\/talleresmaton.com\/en\/aceite-de-motor-por-que-es-importante\/\" aria-label=\"Read more about Aceite de motor: \u00bfPor qu\u00e9 es importante?\" tabindex=\"-1\" >\n\t\t\tLeer m\u00e1s \u00bb\t\t<\/a>\n\n\t\t\t\t<\/div>\n\t\t\t\t<\/article>\n\t\t\t\t<article class=\"elementor-post elementor-grid-item post-2525 post type-post status-publish format-standard has-post-thumbnail hentry category-neumaticos\">\n\t\t\t\t<a class=\"elementor-post__thumbnail__link\" href=\"https:\/\/talleresmaton.com\/en\/neumaticos-a-punto\/\" tabindex=\"-1\" >\n\t\t\t<div class=\"elementor-post__thumbnail\"><img decoding=\"async\" width=\"300\" height=\"202\" src=\"https:\/\/talleresmaton.com\/wp-content\/uploads\/2023\/09\/neumaticos-300x202.jpg\" class=\"attachment-medium size-medium wp-image-2566\" alt=\"\" srcset=\"https:\/\/talleresmaton.com\/wp-content\/uploads\/2023\/09\/neumaticos-300x202.jpg 300w, https:\/\/talleresmaton.com\/wp-content\/uploads\/2023\/09\/neumaticos-768x517.jpg 768w, https:\/\/talleresmaton.com\/wp-content\/uploads\/2023\/09\/neumaticos.jpg 926w\" sizes=\"(max-width: 300px) 100vw, 300px\" \/><\/div>\n\t\t<\/a>\n\t\t\t\t<div class=\"elementor-post__text\">\n\t\t\t\t<h3 class=\"elementor-post__title\">\n\t\t\t<a href=\"https:\/\/talleresmaton.com\/en\/neumaticos-a-punto\/\" >\n\t\t\t\tNeum\u00e1ticos a punto\t\t\t<\/a>\n\t\t<\/h3>\n\t\t\t\t<div class=\"elementor-post__meta-data\">\n\t\t\t\t\t<span class=\"elementor-post-date\">\n\t\t\t6 de September de 2023\t\t<\/span>\n\t\t\t\t<\/div>\n\t\t\t\t<div class=\"elementor-post__excerpt\">\n\t\t\t<p>Controlar la presi\u00f3n y el desgaste de los neum\u00e1ticos es fundamental para garantizar la seguridad en la carretera.<\/p>\n\t\t<\/div>\n\t\t\n\t\t<a class=\"elementor-post__read-more\" href=\"https:\/\/talleresmaton.com\/en\/neumaticos-a-punto\/\" aria-label=\"Read more about Neum\u00e1ticos a punto\" tabindex=\"-1\" >\n\t\t\tLeer m\u00e1s \u00bb\t\t<\/a>\n\n\t\t\t\t<\/div>\n\t\t\t\t<\/article>\n\t\t\t\t<\/div>\n\t\t\n\t\t\t\t<\/div>\n\t\t\t\t<\/div>\n\t\t\t\t\t<\/div>\n\t\t<\/div>\n\t\t\t\t<div class=\"elementor-column elementor-col-50 elementor-top-column elementor-element elementor-element-41c4ee6\" data-id=\"41c4ee6\" data-element_type=\"column\">\n\t\t\t<div class=\"elementor-widget-wrap elementor-element-populated\">\n\t\t\t\t\t\t<div class=\"elementor-element elementor-element-650c8bf elementor-widget-divider--view-line_text elementor-widget-divider--element-align-center elementor-widget elementor-widget-divider\" data-id=\"650c8bf\" data-element_type=\"widget\" data-widget_type=\"divider.default\">\n\t\t\t\t<div class=\"elementor-widget-container\">\n\t\t\t\t\t<div class=\"elementor-divider\">\n\t\t\t<span class=\"elementor-divider-separator\">\n\t\t\t\t\t\t\t<span class=\"elementor-divider__text elementor-divider__element\">\n\t\t\t\tDe inter\u00e9s\t\t\t\t<\/span>\n\t\t\t\t\t\t<\/span>\n\t\t<\/div>\n\t\t\t\t<\/div>\n\t\t\t\t<\/div>\n\t\t\t\t<div class=\"elementor-element elementor-element-f8d03b7 elementor-cta--skin-classic elementor-animated-content elementor-bg-transform elementor-bg-transform-zoom-in elementor-widget elementor-widget-call-to-action\" data-id=\"f8d03b7\" data-element_type=\"widget\" data-widget_type=\"call-to-action.default\">\n\t\t\t\t<div class=\"elementor-widget-container\">\n\t\t\t\t\t<div class=\"elementor-cta\">\n\t\t\t\t\t<div class=\"elementor-cta__bg-wrapper\">\n\t\t\t\t<div class=\"elementor-cta__bg elementor-bg\" style=\"background-image: url(https:\/\/talleresmaton.com\/wp-content\/uploads\/2019\/01\/gallery7.jpg);\" role=\"img\" aria-label=\"gallery7\"><\/div>\n\t\t\t\t<div class=\"elementor-cta__bg-overlay\"><\/div>\n\t\t\t<\/div>\n\t\t\t\t\t\t\t<div class=\"elementor-cta__content\">\n\t\t\t\t\n\t\t\t\t\t\t\t\t\t<span class=\"elementor-cta__title elementor-cta__content-item elementor-content-item\">\n\t\t\t\t\t\tNuestros servicios\t\t\t\t\t<\/span>\n\t\t\t\t\n\t\t\t\t\t\t\t\t\t<div class=\"elementor-cta__description elementor-cta__content-item elementor-content-item\">\n\t\t\t\t\t\tDescubre como nuestro equipo de expertos puede ayudarte.\t\t\t\t\t<\/div>\n\t\t\t\t\n\t\t\t\t\t\t\t\t\t<div class=\"elementor-cta__button-wrapper elementor-cta__content-item elementor-content-item\">\n\t\t\t\t\t<a class=\"elementor-cta__button elementor-button elementor-size-\" href=\"https:\/\/talleresmaton.com\/en\/nuestros-servicios\/\">\n\t\t\t\t\t\tVer m\u00e1s\t\t\t\t\t<\/a>\n\t\t\t\t\t<\/div>\n\t\t\t\t\t\t\t<\/div>\n\t\t\t\t\t\t<\/div>\n\t\t\t\t<\/div>\n\t\t\t\t<\/div>\n\t\t\t\t<div class=\"elementor-element elementor-element-7b83d5e elementor-widget-divider--view-line_text elementor-widget-divider--element-align-center elementor-widget elementor-widget-divider\" data-id=\"7b83d5e\" data-element_type=\"widget\" data-widget_type=\"divider.default\">\n\t\t\t\t<div class=\"elementor-widget-container\">\n\t\t\t\t\t<div class=\"elementor-divider\">\n\t\t\t<span class=\"elementor-divider-separator\">\n\t\t\t\t\t\t\t<span class=\"elementor-divider__text elementor-divider__element\">\n\t\t\t\tCategor\u00edas\t\t\t\t<\/span>\n\t\t\t\t\t\t<\/span>\n\t\t<\/div>\n\t\t\t\t<\/div>\n\t\t\t\t<\/div>\n\t\t\t\t<div class=\"elementor-element elementor-element-67ae825 elementor-align-center elementor-icon-list--layout-traditional elementor-list-item-link-full_width elementor-widget elementor-widget-icon-list\" data-id=\"67ae825\" data-element_type=\"widget\" data-widget_type=\"icon-list.default\">\n\t\t\t\t<div class=\"elementor-widget-container\">\n\t\t\t\t\t<ul class=\"elementor-icon-list-items\">\n\t\t\t\t\t\t\t<li class=\"elementor-icon-list-item\">\n\t\t\t\t\t\t\t\t\t\t\t<a href=\"https:\/\/talleresmaton.com\/en\/categoria\/motor\/\">\n\n\t\t\t\t\t\t\t\t\t\t\t\t<span class=\"elementor-icon-list-icon\">\n\t\t\t\t\t\t\t<i aria-hidden=\"true\" class=\"fas fa-angle-right\"><\/i>\t\t\t\t\t\t<\/span>\n\t\t\t\t\t\t\t\t\t\t<span class=\"elementor-icon-list-text\">Motor<\/span>\n\t\t\t\t\t\t\t\t\t\t\t<\/a>\n\t\t\t\t\t\t\t\t\t<\/li>\n\t\t\t\t\t\t\t\t<li class=\"elementor-icon-list-item\">\n\t\t\t\t\t\t\t\t\t\t\t<a href=\"https:\/\/talleresmaton.com\/en\/categoria\/neumaticos\/\">\n\n\t\t\t\t\t\t\t\t\t\t\t\t<span class=\"elementor-icon-list-icon\">\n\t\t\t\t\t\t\t<i aria-hidden=\"true\" class=\"fas fa-angle-right\"><\/i>\t\t\t\t\t\t<\/span>\n\t\t\t\t\t\t\t\t\t\t<span class=\"elementor-icon-list-text\">Neum\u00e1ticos<\/span>\n\t\t\t\t\t\t\t\t\t\t\t<\/a>\n\t\t\t\t\t\t\t\t\t<\/li>\n\t\t\t\t\t\t<\/ul>\n\t\t\t\t<\/div>\n\t\t\t\t<\/div>\n\t\t\t\t\t<\/div>\n\t\t<\/div>\n\t\t\t\t\t<\/div>\n\t\t<\/section>\n\t\t\t\t<\/div>","protected":false},"excerpt":{"rendered":"<p>Blog Bienvenidos al blog oficial de Talleres Mat\u00f3n, el punto de encuentro donde la pasi\u00f3n por los veh\u00edculos y el conocimiento mec\u00e1nico toman el protagonismo. De inter\u00e9s Nuestros servicios Descubre como nuestro equipo de expertos puede ayudarte. Ver m\u00e1s Categor\u00edas Motor Neum\u00e1ticos<\/p>","protected":false},"author":2,"featured_media":0,"parent":0,"menu_order":0,"comment_status":"closed","ping_status":"closed","template":"template\/homepage-template.php","meta":{"inline_featured_image":false,"footnotes":""},"class_list":["post-2578","page","type-page","status-publish","hentry"],"yoast_head":"<!-- This site is optimized with the Yoast SEO plugin v23.4 - https:\/\/yoast.com\/wordpress\/plugins\/seo\/ -->\n<title>Blog - Talleres Mat\u00f3n<\/title>\n<meta name=\"robots\" content=\"index, follow, max-snippet:-1, max-image-preview:large, max-video-preview:-1\" \/>\n<link rel=\"canonical\" href=\"https:\/\/talleresmaton.com\/en\/blog\/\" \/>\n<meta property=\"og:locale\" content=\"en_US\" \/>\n<meta property=\"og:type\" content=\"article\" \/>\n<meta property=\"og:title\" content=\"Blog - Talleres Mat\u00f3n\" \/>\n<meta property=\"og:description\" content=\"Blog Bienvenidos al blog oficial de Talleres Mat\u00f3n, el punto de encuentro donde la pasi\u00f3n por los veh\u00edculos y el conocimiento mec\u00e1nico toman el protagonismo. De inter\u00e9s Nuestros servicios Descubre como nuestro equipo de expertos puede ayudarte. Ver m\u00e1s Categor\u00edas Motor Neum\u00e1ticos\" \/>\n<meta property=\"og:url\" content=\"https:\/\/talleresmaton.com\/en\/blog\/\" \/>\n<meta property=\"og:site_name\" content=\"Talleres Mat\u00f3n\" \/>\n<meta property=\"article:modified_time\" content=\"2023-10-17T08:07:16+00:00\" \/>\n<meta name=\"twitter:card\" content=\"summary_large_image\" \/>\n<meta name=\"twitter:label1\" content=\"Est. reading time\" \/>\n\t<meta name=\"twitter:data1\" content=\"2 minutes\" \/>\n<script type=\"application\/ld+json\" class=\"yoast-schema-graph\">{\"@context\":\"https:\/\/schema.org\",\"@graph\":[{\"@type\":\"WebPage\",\"@id\":\"https:\/\/talleresmaton.com\/blog\/\",\"url\":\"https:\/\/talleresmaton.com\/blog\/\",\"name\":\"Blog - Talleres Mat\u00f3n\",\"isPartOf\":{\"@id\":\"https:\/\/talleresmaton.com\/#website\"},\"datePublished\":\"2023-09-18T09:30:07+00:00\",\"dateModified\":\"2023-10-17T08:07:16+00:00\",\"breadcrumb\":{\"@id\":\"https:\/\/talleresmaton.com\/blog\/#breadcrumb\"},\"inLanguage\":\"en-US\",\"potentialAction\":[{\"@type\":\"ReadAction\",\"target\":[\"https:\/\/talleresmaton.com\/blog\/\"]}]},{\"@type\":\"BreadcrumbList\",\"@id\":\"https:\/\/talleresmaton.com\/blog\/#breadcrumb\",\"itemListElement\":[{\"@type\":\"ListItem\",\"position\":1,\"name\":\"Inicio\",\"item\":\"https:\/\/talleresmaton.com\/\"},{\"@type\":\"ListItem\",\"position\":2,\"name\":\"Blog\"}]},{\"@type\":\"WebSite\",\"@id\":\"https:\/\/talleresmaton.com\/#website\",\"url\":\"https:\/\/talleresmaton.com\/\",\"name\":\"Talleres Mat\u00f3n\",\"description\":\"\",\"publisher\":{\"@id\":\"https:\/\/talleresmaton.com\/#organization\"},\"potentialAction\":[{\"@type\":\"SearchAction\",\"target\":{\"@type\":\"EntryPoint\",\"urlTemplate\":\"https:\/\/talleresmaton.com\/?s={search_term_string}\"},\"query-input\":{\"@type\":\"PropertyValueSpecification\",\"valueRequired\":true,\"valueName\":\"search_term_string\"}}],\"inLanguage\":\"en-US\"},{\"@type\":\"Organization\",\"@id\":\"https:\/\/talleresmaton.com\/#organization\",\"name\":\"Talleres Mat\u00f3n\",\"url\":\"https:\/\/talleresmaton.com\/\",\"logo\":{\"@type\":\"ImageObject\",\"inLanguage\":\"en-US\",\"@id\":\"https:\/\/talleresmaton.com\/#\/schema\/logo\/image\/\",\"url\":\"https:\/\/talleresmaton.com\/wp-content\/uploads\/2023\/07\/talleres-maton-logo-2.svg\",\"contentUrl\":\"https:\/\/talleresmaton.com\/wp-content\/uploads\/2023\/07\/talleres-maton-logo-2.svg\",\"width\":393,\"height\":264,\"caption\":\"Talleres Mat\u00f3n\"},\"image\":{\"@id\":\"https:\/\/talleresmaton.com\/#\/schema\/logo\/image\/\"}}]}<\/script>\n<!-- \/ Yoast SEO plugin. -->","yoast_head_json":{"title":"Blog - Talleres Mat\u00f3n","robots":{"index":"index","follow":"follow","max-snippet":"max-snippet:-1","max-image-preview":"max-image-preview:large","max-video-preview":"max-video-preview:-1"},"canonical":"https:\/\/talleresmaton.com\/en\/blog\/","og_locale":"en_US","og_type":"article","og_title":"Blog - Talleres Mat\u00f3n","og_description":"Blog Bienvenidos al blog oficial de Talleres Mat\u00f3n, el punto de encuentro donde la pasi\u00f3n por los veh\u00edculos y el conocimiento mec\u00e1nico toman el protagonismo. De inter\u00e9s Nuestros servicios Descubre como nuestro equipo de expertos puede ayudarte. Ver m\u00e1s Categor\u00edas Motor Neum\u00e1ticos","og_url":"https:\/\/talleresmaton.com\/en\/blog\/","og_site_name":"Talleres Mat\u00f3n","article_modified_time":"2023-10-17T08:07:16+00:00","twitter_card":"summary_large_image","twitter_misc":{"Est. reading time":"2 minutes"},"schema":{"@context":"https:\/\/schema.org","@graph":[{"@type":"WebPage","@id":"https:\/\/talleresmaton.com\/blog\/","url":"https:\/\/talleresmaton.com\/blog\/","name":"Blog - Talleres Mat\u00f3n","isPartOf":{"@id":"https:\/\/talleresmaton.com\/#website"},"datePublished":"2023-09-18T09:30:07+00:00","dateModified":"2023-10-17T08:07:16+00:00","breadcrumb":{"@id":"https:\/\/talleresmaton.com\/blog\/#breadcrumb"},"inLanguage":"en-US","potentialAction":[{"@type":"ReadAction","target":["https:\/\/talleresmaton.com\/blog\/"]}]},{"@type":"BreadcrumbList","@id":"https:\/\/talleresmaton.com\/blog\/#breadcrumb","itemListElement":[{"@type":"ListItem","position":1,"name":"Inicio","item":"https:\/\/talleresmaton.com\/"},{"@type":"ListItem","position":2,"name":"Blog"}]},{"@type":"WebSite","@id":"https:\/\/talleresmaton.com\/#website","url":"https:\/\/talleresmaton.com\/","name":"Talleres Mat\u00f3n","description":"","publisher":{"@id":"https:\/\/talleresmaton.com\/#organization"},"potentialAction":[{"@type":"SearchAction","target":{"@type":"EntryPoint","urlTemplate":"https:\/\/talleresmaton.com\/?s={search_term_string}"},"query-input":{"@type":"PropertyValueSpecification","valueRequired":true,"valueName":"search_term_string"}}],"inLanguage":"en-US"},{"@type":"Organization","@id":"https:\/\/talleresmaton.com\/#organization","name":"Talleres Mat\u00f3n","url":"https:\/\/talleresmaton.com\/","logo":{"@type":"ImageObject","inLanguage":"en-US","@id":"https:\/\/talleresmaton.com\/#\/schema\/logo\/image\/","url":"https:\/\/talleresmaton.com\/wp-content\/uploads\/2023\/07\/talleres-maton-logo-2.svg","contentUrl":"https:\/\/talleresmaton.com\/wp-content\/uploads\/2023\/07\/talleres-maton-logo-2.svg","width":393,"height":264,"caption":"Talleres Mat\u00f3n"},"image":{"@id":"https:\/\/talleresmaton.com\/#\/schema\/logo\/image\/"}}]}},"_links":{"self":[{"href":"https:\/\/talleresmaton.com\/en\/wp-json\/wp\/v2\/pages\/2578"}],"collection":[{"href":"https:\/\/talleresmaton.com\/en\/wp-json\/wp\/v2\/pages"}],"about":[{"href":"https:\/\/talleresmaton.com\/en\/wp-json\/wp\/v2\/types\/page"}],"author":[{"embeddable":true,"href":"https:\/\/talleresmaton.com\/en\/wp-json\/wp\/v2\/users\/2"}],"replies":[{"embeddable":true,"href":"https:\/\/talleresmaton.com\/en\/wp-json\/wp\/v2\/comments?post=2578"}],"version-history":[{"count":45,"href":"https:\/\/talleresmaton.com\/en\/wp-json\/wp\/v2\/pages\/2578\/revisions"}],"predecessor-version":[{"id":2690,"href":"https:\/\/talleresmaton.com\/en\/wp-json\/wp\/v2\/pages\/2578\/revisions\/2690"}],"wp:attachment":[{"href":"https:\/\/talleresmaton.com\/en\/wp-json\/wp\/v2\/media?parent=2578"}],"curies":[{"name":"wp","href":"https:\/\/api.w.org\/{rel}","templated":true}]}}