{"id":2516,"date":"2023-09-06T05:47:01","date_gmt":"2023-09-06T05:47:01","guid":{"rendered":"https:\/\/talleresmaton.com\/?page_id=2516"},"modified":"2023-10-03T06:55:42","modified_gmt":"2023-10-03T06:55:42","slug":"politica-de-cookies","status":"publish","type":"page","link":"https:\/\/talleresmaton.com\/en\/politica-de-cookies\/","title":{"rendered":"Pol\u00edtica de cookies"},"content":{"rendered":"<h2 class=\"wp-block-heading\">\u00bfQu\u00e9 son las cookies?<\/h2>\n\n\n\n<p>Una cookie es un fichero que se descarga en su ordenador al acceder a determinadas p\u00e1ginas web. Las cookies permiten a una p\u00e1gina web, entre otras cosas, almacenar y recuperar informaci\u00f3n sobre h\u00e1bitos de navegaci\u00f3n de un usuario o de su equipo y, dependiendo de la informaci\u00f3n que contengan y de la forma que utilice su equipo, pueden utilizarse para reconocer al usuario.<\/p>\n\n\n\n<h2 class=\"wp-block-heading\">\u00bfPara qu\u00e9 utiliza las cookies esta p\u00e1gina web y cu\u00e1les son?<\/h2>\n\n\n\n<p>Esta p\u00e1gina web utiliza las cookies para una serie de finalidades, incluidas:<\/p>\n\n\n\n<ul class=\"wp-block-list\">\n<li><strong>An\u00e1lisis<\/strong>: son aquellas cookies que bien, tratadas por nosotros o por terceros, nos permiten cuantificar el n\u00famero de usuarios y as\u00ed realizar la medici\u00f3n y an\u00e1lisis estad\u00edstico de la utilizaci\u00f3n que hacen los usuarios del servicio. Para ello se analiza su navegaci\u00f3n en nuestra p\u00e1gina web con el fin de mejorar la experiencia del usuario.<\/li>\n\n\n\n<li><strong>Publicitarias: <\/strong>Son aqu\u00e9llas que bien tratadas por nosotros o por terceros, nos permiten gestionar de la forma m\u00e1s eficaz posible la oferta de los espacios publicitarios que hay en la p\u00e1gina web, adecuando el contenido del anuncio al contenido del servicio solicitado o al uso que realice de nuestra p\u00e1gina web. Para ello podemos analizar sus h\u00e1bitos de navegaci\u00f3n en Internet y podemos mostrarle publicidad relacionada con su perfil de navegaci\u00f3n.<\/li>\n<\/ul>\n\n\n\n<p>El detalle de las cookies utilizadas en esta p\u00e1gina web es el siguiente:<\/p>\n\n\n\n<figure class=\"wp-block-table\"><table><tbody><tr><td><strong>Cookie<\/strong><\/td><td><strong>Nombre<\/strong><\/td><td><strong>Tipo<\/strong><\/td><td><strong>Prop\u00f3sito<\/strong><\/td><td><strong>M\u00e1s informaci\u00f3n<\/strong><\/td><\/tr><tr><td>Google Analytics<\/td><td>__utma __utmb __utmc __utmz<\/td><td>De terceros<\/td><td>Recoger informaci\u00f3n sobre la navegaci\u00f3n de los usuarios por el sitio con el fin de conocer el origen de las visitas y otros datos similares a nivel estad\u00edstico.<\/td><td><a href=\"https:\/\/developers.google.com\/analytics\/devguides\/collection\/analyticsjs\/cookie-usage\">Google Analytics<\/a> <a href=\"http:\/\/www.google.com\/intl\/es\/privacy.html\">Centro de privacidad de Google<\/a> &nbsp;<\/td><\/tr><tr><td>&nbsp;<\/td><td>&nbsp;<\/td><td>&nbsp;<\/td><td>&nbsp;<\/td><td>&nbsp;<\/td><\/tr><tr><td>&nbsp;<\/td><td>&nbsp;<\/td><td>&nbsp;<\/td><td>&nbsp;<\/td><td>&nbsp;<\/td><\/tr><\/tbody><\/table><\/figure>\n\n\n\n<p>Nota: Las cookies de tipo \u201cPropias\u201d son utilizadas s\u00f3lo por el propietario de esta web y las cookies \u201cDe terceros\u201d son utilizadas, tambi\u00e9n, por el prestador del servicio que est\u00e1 detallado en el cuadro anterior.<\/p>\n\n\n\n<h2 class=\"wp-block-heading\">\u00bfC\u00f3mo puedo desactivar o eliminar estas cookies?<\/h2>\n\n\n\n<p>Puede usted permitir, bloquear o eliminar las cookies instaladas en su equipo mediante la configuraci\u00f3n de las opciones del navegador instalado en su ordenador.<\/p>\n\n\n\n<ul class=\"wp-block-list\">\n<li><strong>Firefox<\/strong>: <a href=\"http:\/\/support.mozilla.org\/es\/kb\/habilitar-y-deshabilitar-cookies-que-los-sitios-we\">http:\/\/support.mozilla.org\/es\/kb\/habilitar-y-deshabilitar-cookies-que-los-sitios-we<\/a><\/li>\n\n\n\n<li><strong>Chrome<\/strong>: <a href=\"http:\/\/support.google.com\/chrome\/bin\/answer.py?hl=es&amp;answer=95647\">http:\/\/support.google.com\/chrome\/bin\/answer.py?hl=es&amp;answer=95647<\/a><\/li>\n\n\n\n<li><strong>Explorer<\/strong>: <a href=\"http:\/\/windows.microsoft.com\/es-es\/windows7\/how-to-manage-cookies-in-internet-explorer-9\">http:\/\/windows.microsoft.com\/es-es\/windows7\/how-to-manage-cookies-in-internet-explorer-9<\/a><\/li>\n\n\n\n<li><strong>Safari<\/strong>: <a href=\"http:\/\/support.apple.com\/kb\/ph5042\">http:\/\/support.apple.com\/kb\/ph5042<\/a><\/li>\n\n\n\n<li><strong>Opera<\/strong>: <a href=\"http:\/\/help.opera.com\/Windows\/11.50\/es-ES\/cookies.html\">http:\/\/help.opera.com\/Windows\/11.50\/es-ES\/cookies.html<\/a><\/li>\n\n\n\n<li><strong>Otros navegadores<\/strong>: consulte la documentaci\u00f3n del navegador que tenga instalado.<\/li>\n<\/ul>\n\n\n\n<h3 class=\"wp-block-heading\">Complemento de inhabilitaci\u00f3n para navegadores de Google Analytics<\/h3>\n\n\n\n<p>Si desea rechazar las cookies anal\u00edticas de Google Analytics en todos los navegadores, de forma que no se env\u00ede informaci\u00f3n suya a Google Analitys, puede descargar un complemento que realiza esta funci\u00f3n desde este enlace: <a href=\"https:\/\/tools.google.com\/dlpage\/gaoptout\">https:\/\/tools.google.com\/dlpage\/gaoptout<\/a>.<\/p>","protected":false},"excerpt":{"rendered":"<p>\u00bfQu\u00e9 son las cookies? Una cookie es un fichero que se descarga en su ordenador al acceder a determinadas p\u00e1ginas web. Las cookies permiten a una p\u00e1gina web, entre otras cosas, almacenar y recuperar informaci\u00f3n sobre h\u00e1bitos de navegaci\u00f3n de un usuario o de su equipo y, dependiendo de la informaci\u00f3n que contengan y de [&hellip;]<\/p>","protected":false},"author":2,"featured_media":0,"parent":0,"menu_order":0,"comment_status":"closed","ping_status":"closed","template":"","meta":{"inline_featured_image":false,"footnotes":""},"class_list":["post-2516","page","type-page","status-publish","hentry"],"yoast_head":"<!-- This site is optimized with the Yoast SEO plugin v23.4 - https:\/\/yoast.com\/wordpress\/plugins\/seo\/ -->\n<title>Pol\u00edtica de cookies - Talleres Mat\u00f3n<\/title>\n<meta name=\"robots\" content=\"index, follow, max-snippet:-1, max-image-preview:large, max-video-preview:-1\" \/>\n<link rel=\"canonical\" href=\"https:\/\/talleresmaton.com\/en\/politica-de-cookies\/\" \/>\n<meta property=\"og:locale\" content=\"en_US\" \/>\n<meta property=\"og:type\" content=\"article\" \/>\n<meta property=\"og:title\" content=\"Pol\u00edtica de cookies - Talleres Mat\u00f3n\" \/>\n<meta property=\"og:description\" content=\"\u00bfQu\u00e9 son las cookies? Una cookie es un fichero que se descarga en su ordenador al acceder a determinadas p\u00e1ginas web. Las cookies permiten a una p\u00e1gina web, entre otras cosas, almacenar y recuperar informaci\u00f3n sobre h\u00e1bitos de navegaci\u00f3n de un usuario o de su equipo y, dependiendo de la informaci\u00f3n que contengan y de [&hellip;]\" \/>\n<meta property=\"og:url\" content=\"https:\/\/talleresmaton.com\/en\/politica-de-cookies\/\" \/>\n<meta property=\"og:site_name\" content=\"Talleres Mat\u00f3n\" \/>\n<meta property=\"article:modified_time\" content=\"2023-10-03T06:55:42+00:00\" \/>\n<meta name=\"twitter:card\" content=\"summary_large_image\" \/>\n<meta name=\"twitter:label1\" content=\"Est. reading time\" \/>\n\t<meta name=\"twitter:data1\" content=\"2 minutes\" \/>\n<script type=\"application\/ld+json\" class=\"yoast-schema-graph\">{\"@context\":\"https:\/\/schema.org\",\"@graph\":[{\"@type\":\"WebPage\",\"@id\":\"https:\/\/talleresmaton.com\/politica-de-cookies\/\",\"url\":\"https:\/\/talleresmaton.com\/politica-de-cookies\/\",\"name\":\"Pol\u00edtica de cookies - Talleres Mat\u00f3n\",\"isPartOf\":{\"@id\":\"https:\/\/talleresmaton.com\/#website\"},\"datePublished\":\"2023-09-06T05:47:01+00:00\",\"dateModified\":\"2023-10-03T06:55:42+00:00\",\"breadcrumb\":{\"@id\":\"https:\/\/talleresmaton.com\/politica-de-cookies\/#breadcrumb\"},\"inLanguage\":\"en-US\",\"potentialAction\":[{\"@type\":\"ReadAction\",\"target\":[\"https:\/\/talleresmaton.com\/politica-de-cookies\/\"]}]},{\"@type\":\"BreadcrumbList\",\"@id\":\"https:\/\/talleresmaton.com\/politica-de-cookies\/#breadcrumb\",\"itemListElement\":[{\"@type\":\"ListItem\",\"position\":1,\"name\":\"Inicio\",\"item\":\"https:\/\/talleresmaton.com\/\"},{\"@type\":\"ListItem\",\"position\":2,\"name\":\"Pol\u00edtica de cookies\"}]},{\"@type\":\"WebSite\",\"@id\":\"https:\/\/talleresmaton.com\/#website\",\"url\":\"https:\/\/talleresmaton.com\/\",\"name\":\"Talleres Mat\u00f3n\",\"description\":\"\",\"publisher\":{\"@id\":\"https:\/\/talleresmaton.com\/#organization\"},\"potentialAction\":[{\"@type\":\"SearchAction\",\"target\":{\"@type\":\"EntryPoint\",\"urlTemplate\":\"https:\/\/talleresmaton.com\/?s={search_term_string}\"},\"query-input\":{\"@type\":\"PropertyValueSpecification\",\"valueRequired\":true,\"valueName\":\"search_term_string\"}}],\"inLanguage\":\"en-US\"},{\"@type\":\"Organization\",\"@id\":\"https:\/\/talleresmaton.com\/#organization\",\"name\":\"Talleres Mat\u00f3n\",\"url\":\"https:\/\/talleresmaton.com\/\",\"logo\":{\"@type\":\"ImageObject\",\"inLanguage\":\"en-US\",\"@id\":\"https:\/\/talleresmaton.com\/#\/schema\/logo\/image\/\",\"url\":\"https:\/\/talleresmaton.com\/wp-content\/uploads\/2023\/07\/talleres-maton-logo-2.svg\",\"contentUrl\":\"https:\/\/talleresmaton.com\/wp-content\/uploads\/2023\/07\/talleres-maton-logo-2.svg\",\"width\":393,\"height\":264,\"caption\":\"Talleres Mat\u00f3n\"},\"image\":{\"@id\":\"https:\/\/talleresmaton.com\/#\/schema\/logo\/image\/\"}}]}<\/script>\n<!-- \/ Yoast SEO plugin. -->","yoast_head_json":{"title":"Pol\u00edtica de cookies - Talleres Mat\u00f3n","robots":{"index":"index","follow":"follow","max-snippet":"max-snippet:-1","max-image-preview":"max-image-preview:large","max-video-preview":"max-video-preview:-1"},"canonical":"https:\/\/talleresmaton.com\/en\/politica-de-cookies\/","og_locale":"en_US","og_type":"article","og_title":"Pol\u00edtica de cookies - Talleres Mat\u00f3n","og_description":"\u00bfQu\u00e9 son las cookies? Una cookie es un fichero que se descarga en su ordenador al acceder a determinadas p\u00e1ginas web. Las cookies permiten a una p\u00e1gina web, entre otras cosas, almacenar y recuperar informaci\u00f3n sobre h\u00e1bitos de navegaci\u00f3n de un usuario o de su equipo y, dependiendo de la informaci\u00f3n que contengan y de [&hellip;]","og_url":"https:\/\/talleresmaton.com\/en\/politica-de-cookies\/","og_site_name":"Talleres Mat\u00f3n","article_modified_time":"2023-10-03T06:55:42+00:00","twitter_card":"summary_large_image","twitter_misc":{"Est. reading time":"2 minutes"},"schema":{"@context":"https:\/\/schema.org","@graph":[{"@type":"WebPage","@id":"https:\/\/talleresmaton.com\/politica-de-cookies\/","url":"https:\/\/talleresmaton.com\/politica-de-cookies\/","name":"Pol\u00edtica de cookies - Talleres Mat\u00f3n","isPartOf":{"@id":"https:\/\/talleresmaton.com\/#website"},"datePublished":"2023-09-06T05:47:01+00:00","dateModified":"2023-10-03T06:55:42+00:00","breadcrumb":{"@id":"https:\/\/talleresmaton.com\/politica-de-cookies\/#breadcrumb"},"inLanguage":"en-US","potentialAction":[{"@type":"ReadAction","target":["https:\/\/talleresmaton.com\/politica-de-cookies\/"]}]},{"@type":"BreadcrumbList","@id":"https:\/\/talleresmaton.com\/politica-de-cookies\/#breadcrumb","itemListElement":[{"@type":"ListItem","position":1,"name":"Inicio","item":"https:\/\/talleresmaton.com\/"},{"@type":"ListItem","position":2,"name":"Pol\u00edtica de cookies"}]},{"@type":"WebSite","@id":"https:\/\/talleresmaton.com\/#website","url":"https:\/\/talleresmaton.com\/","name":"Talleres Mat\u00f3n","description":"","publisher":{"@id":"https:\/\/talleresmaton.com\/#organization"},"potentialAction":[{"@type":"SearchAction","target":{"@type":"EntryPoint","urlTemplate":"https:\/\/talleresmaton.com\/?s={search_term_string}"},"query-input":{"@type":"PropertyValueSpecification","valueRequired":true,"valueName":"search_term_string"}}],"inLanguage":"en-US"},{"@type":"Organization","@id":"https:\/\/talleresmaton.com\/#organization","name":"Talleres Mat\u00f3n","url":"https:\/\/talleresmaton.com\/","logo":{"@type":"ImageObject","inLanguage":"en-US","@id":"https:\/\/talleresmaton.com\/#\/schema\/logo\/image\/","url":"https:\/\/talleresmaton.com\/wp-content\/uploads\/2023\/07\/talleres-maton-logo-2.svg","contentUrl":"https:\/\/talleresmaton.com\/wp-content\/uploads\/2023\/07\/talleres-maton-logo-2.svg","width":393,"height":264,"caption":"Talleres Mat\u00f3n"},"image":{"@id":"https:\/\/talleresmaton.com\/#\/schema\/logo\/image\/"}}]}},"_links":{"self":[{"href":"https:\/\/talleresmaton.com\/en\/wp-json\/wp\/v2\/pages\/2516"}],"collection":[{"href":"https:\/\/talleresmaton.com\/en\/wp-json\/wp\/v2\/pages"}],"about":[{"href":"https:\/\/talleresmaton.com\/en\/wp-json\/wp\/v2\/types\/page"}],"author":[{"embeddable":true,"href":"https:\/\/talleresmaton.com\/en\/wp-json\/wp\/v2\/users\/2"}],"replies":[{"embeddable":true,"href":"https:\/\/talleresmaton.com\/en\/wp-json\/wp\/v2\/comments?post=2516"}],"version-history":[{"count":2,"href":"https:\/\/talleresmaton.com\/en\/wp-json\/wp\/v2\/pages\/2516\/revisions"}],"predecessor-version":[{"id":2519,"href":"https:\/\/talleresmaton.com\/en\/wp-json\/wp\/v2\/pages\/2516\/revisions\/2519"}],"wp:attachment":[{"href":"https:\/\/talleresmaton.com\/en\/wp-json\/wp\/v2\/media?parent=2516"}],"curies":[{"name":"wp","href":"https:\/\/api.w.org\/{rel}","templated":true}]}}